{"id":30,"date":"2016-07-22T10:45:12","date_gmt":"2016-07-22T10:45:12","guid":{"rendered":"http:\/\/www.liferelict.ect.uevora.pt\/?page_id=30"},"modified":"2023-11-10T11:48:06","modified_gmt":"2023-11-10T11:48:06","slug":"location","status":"publish","type":"page","link":"http:\/\/www.liferelict.ect.uevora.pt\/index.php\/location\/","title":{"rendered":"Contatos"},"content":{"rendered":"<p><\/p>\n<h4><span style=\"color: #808000;\"><strong>Projeto LIFE-RELICT<\/strong><\/span><\/h4>\n<p>Catarina Meireles (cmeireles@uevora.pt) &#8211; Gestora do projeto<\/p>\n<p>Cristina Madeira Bai\u00e3o (cmb@uevora.pt) &#8211; T\u00e9cnica de Comunica\u00e7\u00e3o<\/p>\n<p>Departamento de Paisagem, Ambiente e Ordenamento<br \/>\nEscola de Ci\u00eancias e Tecnologia<br \/>\nUniversidade de \u00c9vora<br \/>\nCol\u00e9gio Luis Ant\u00f3nio Verney<br \/>\nRua Rom\u00e3o Ramalho, 59<br \/>\n7000-671 \u00c9vora<\/p>\n<p><\/p>","protected":false},"excerpt":{"rendered":"<p>Projeto LIFE-RELICT Catarina Meireles (cmeireles@uevora.pt) &#8211; Gestora do projeto Cristina Madeira Bai\u00e3o (cmb@uevora.pt) &#8211; T\u00e9cnica de Comunica\u00e7\u00e3o Departamento de Paisagem, Ambiente e Ordenamento Escola de Ci\u00eancias e Tecnologia Universidade de \u00c9vora Col\u00e9gio Luis Ant\u00f3nio Verney Rua Rom\u00e3o Ramalho, 59 7000-671 \u00c9vora<\/p>\n","protected":false},"author":1,"featured_media":0,"parent":0,"menu_order":0,"comment_status":"closed","ping_status":"closed","template":"","meta":[],"_links":{"self":[{"href":"http:\/\/www.liferelict.ect.uevora.pt\/index.php\/wp-json\/wp\/v2\/pages\/30"}],"collection":[{"href":"http:\/\/www.liferelict.ect.uevora.pt\/index.php\/wp-json\/wp\/v2\/pages"}],"about":[{"href":"http:\/\/www.liferelict.ect.uevora.pt\/index.php\/wp-json\/wp\/v2\/types\/page"}],"author":[{"embeddable":true,"href":"http:\/\/www.liferelict.ect.uevora.pt\/index.php\/wp-json\/wp\/v2\/users\/1"}],"replies":[{"embeddable":true,"href":"http:\/\/www.liferelict.ect.uevora.pt\/index.php\/wp-json\/wp\/v2\/comments?post=30"}],"version-history":[{"count":37,"href":"http:\/\/www.liferelict.ect.uevora.pt\/index.php\/wp-json\/wp\/v2\/pages\/30\/revisions"}],"predecessor-version":[{"id":16917,"href":"http:\/\/www.liferelict.ect.uevora.pt\/index.php\/wp-json\/wp\/v2\/pages\/30\/revisions\/16917"}],"wp:attachment":[{"href":"http:\/\/www.liferelict.ect.uevora.pt\/index.php\/wp-json\/wp\/v2\/media?parent=30"}],"curies":[{"name":"wp","href":"https:\/\/api.w.org\/{rel}","templated":true}]}}