{"id":3029,"date":"2019-09-24T08:11:00","date_gmt":"2019-09-24T08:11:00","guid":{"rendered":"http:\/\/www.liferelict.ect.uevora.pt\/?page_id=3029"},"modified":"2023-11-08T00:37:31","modified_gmt":"2023-11-08T00:37:31","slug":"comissao-cientifica","status":"publish","type":"page","link":"http:\/\/www.liferelict.ect.uevora.pt\/index.php\/comissao-cientifica\/","title":{"rendered":"Comiss\u00e3o Cient\u00edfica"},"content":{"rendered":"<p><\/p>\n<h3><\/h3>\n<p>A comiss\u00e3o cient\u00edfica do projeto <strong>Life-Relict<\/strong> integra\u00a0v\u00e1rios nomes nacionais e internacionais, especialistas em bot\u00e2nica, geobot\u00e2nica e altera\u00e7\u00f5es clim\u00e1ticas, bem como representantes de entidades p\u00fablicas de gest\u00e3o territorial que s\u00e3o benefici\u00e1rios associados ao projeto, nomeadamente:<\/p>\n<ul>\n<li><a href=\"http:\/\/www.liferelict.ect.uevora.pt\/index.php\/universidade-de-evora\/\"><strong>Carlos Pinto Gomes <\/strong><\/a>(Coordenador geral do projeto <strong>Life-Relict<\/strong>);<\/li>\n<li><a href=\"http:\/\/www.liferelict.ect.uevora.pt\/index.php\/adruse\/\"><strong>Ana Isabel Cardoso <\/strong><\/a>(Representante da ADRUSE &#8211; benefici\u00e1rio associado do projeto\u00a0<strong style=\"font-size: 16px;\">Life-Relict<\/strong>);<\/li>\n<li><a href=\"http:\/\/www.liferelict.ect.uevora.pt\/index.php\/municipio-de-monchique\/\"><strong>Nuno Fidalgo <\/strong><\/a>(Representante do Munic\u00edpio de Monchique &#8211; benefici\u00e1rio associado do projeto\u00a0<strong style=\"font-size: 16px;\">Life-Relict<\/strong>);<\/li>\n<li><a href=\"http:\/\/www.liferelict.ect.uevora.pt\/index.php\/municipio-de-seia\/\"><strong>Artur Costa<\/strong><\/a> (Representante do Munic\u00edpio de Seia &#8211; benefici\u00e1rio associado do projeto\u00a0<strong style=\"font-size: 16px;\">Life-Relict<\/strong>);<\/li>\n<li><a href=\"http:\/\/www.liferelict.ect.uevora.pt\/index.php\/municipio-de-seia\/\"><strong>Alexandre Silva <\/strong><\/a>(Representante do CISE &#8211; benefici\u00e1rio associado do projeto\u00a0<strong style=\"font-size: 16px;\">Life-Relict<\/strong>);<\/li>\n<li><a href=\"http:\/\/www.liferelict.ect.uevora.pt\/index.php\/cicytex\/\"><strong>Francisco Vazqu\u00e9z Pardo <\/strong><\/a>(Representante do Cicytex &#8211; benefici\u00e1rio associado do projeto\u00a0<strong style=\"font-size: 16px;\">Life-Relict<\/strong>);<\/li>\n<\/ul>\n<p>&nbsp;<\/p>\n<p>E ainda:<\/p>\n<ul>\n<li><strong>Sara Del R\u00edo<\/strong><\/li>\n<\/ul>\n<p style=\"padding-left: 30px;\"><img loading=\"lazy\" class=\"alignleft wp-image-3536 size-thumbnail\" src=\"http:\/\/www.liferelict.ect.uevora.pt\/wp-content\/uploads\/2019\/10\/Sara-D\u00b4el-R\u00edo-150x150.jpg\" alt=\"\" width=\"150\" height=\"150\" srcset=\"http:\/\/www.liferelict.ect.uevora.pt\/wp-content\/uploads\/2019\/10\/Sara-D\u00b4el-R\u00edo-150x150.jpg 150w, http:\/\/www.liferelict.ect.uevora.pt\/wp-content\/uploads\/2019\/10\/Sara-D\u00b4el-R\u00edo-300x300.jpg 300w, http:\/\/www.liferelict.ect.uevora.pt\/wp-content\/uploads\/2019\/10\/Sara-D\u00b4el-R\u00edo-768x768.jpg 768w, http:\/\/www.liferelict.ect.uevora.pt\/wp-content\/uploads\/2019\/10\/Sara-D\u00b4el-R\u00edo-1024x1024.jpg 1024w, http:\/\/www.liferelict.ect.uevora.pt\/wp-content\/uploads\/2019\/10\/Sara-D\u00b4el-R\u00edo.jpg 1033w\" sizes=\"(max-width: 150px) 100vw, 150px\" \/><\/p>\n<p style=\"padding-left: 30px;\">\u00a0Professora na Universidade de Le\u00f3n (Espanha) no Departamento e Gest\u00e3o Ambiental, na \u00e1rea\u00a0de Bot\u00e2nica.<\/p>\n<p style=\"padding-left: 30px;\">Coordenadora do grau em Biologia na Universidade de L\u00e9on.<\/p>\n<p style=\"padding-left: 30px;\">Doutorada em\u00a0Biologia, \u00e9 especialista em altera\u00e7\u00f5es clim\u00e1ticas e estuda esses impactes nas comunidades\u00a0vegetais.<\/p>\n<p>&nbsp;<\/p>\n<p>&nbsp;<\/p>\n<p>&nbsp;<\/p>\n<ul>\n<li><strong>Pedro Ivo<\/strong><img loading=\"lazy\" class=\" wp-image-3539 alignleft\" src=\"http:\/\/www.liferelict.ect.uevora.pt\/wp-content\/uploads\/2019\/10\/pedro-ivo-arriegas.jpg\" alt=\"\" width=\"143\" height=\"132\" srcset=\"http:\/\/www.liferelict.ect.uevora.pt\/wp-content\/uploads\/2019\/10\/pedro-ivo-arriegas.jpg 371w, http:\/\/www.liferelict.ect.uevora.pt\/wp-content\/uploads\/2019\/10\/pedro-ivo-arriegas-300x277.jpg 300w\" sizes=\"(max-width: 143px) 100vw, 143px\" \/>T\u00e9cnico do ICNF e respons\u00e1vel pela \u00e1rea de Natureza e Biodiversidade.<\/li>\n<\/ul>\n<p>\u00c9 especialista em flora e\u00a0ponto focal dos projectos LIFE em Portugal. Integra a equipa respons\u00e1vel pelo Relat\u00f3rio Nacional\u00a0da Diretiva Habitats.<\/p>\n<p>Colaborou como membro da equipa na Lista Vermelha da Flora Vascular\u00a0de Portugal Continental.<\/p>\n<p>&nbsp;<\/p>\n<p>&nbsp;<\/p>\n<p>&nbsp;<\/p>\n<ul>\n<li><strong>Eus\u00e9bio Cano<\/strong><img loading=\"lazy\" class=\" wp-image-3542 alignleft\" src=\"http:\/\/www.liferelict.ect.uevora.pt\/wp-content\/uploads\/2019\/10\/eusebio-cano.jpg\" alt=\"\" width=\"135\" height=\"203\" \/>Professor Catedr\u00e1tico na \u00e1rea da Bot\u00e2nica, na Universidade de Jaen (Espanha), onde foi Director\u00a0do Departamento de Biologia Animal, Biologia Vegetal e Ecologia. \u00c9 tamb\u00e9m Decano na Faculdade de\u00a0Ci\u00eancias Experimentais.<\/li>\n<\/ul>\n<p>Orientou cerca de uma d\u00fazia de teses de doutorado e fundou o\u00a0Semin\u00e1rio Internacional &#8220;Gest\u00e3o e Conserva\u00e7\u00e3o da Biodiversidade&#8221; (de 2007 a 2018).<\/p>\n<p>Publicou\u00a0mais de 200 artigos e cerca de 30 livros\/cap\u00edtulos de livros e apresentou cerca de 250\u00a0artigos\/comunica\u00e7\u00f5es em congressos.<\/p>\n<p>\u00c9 especialista em flora e vegeta\u00e7\u00e3o e a sua pesquisa concentrou-se na regi\u00e3o do Mediterr\u00e2neo e na Am\u00e9rica Central.<\/p>\n<p>&nbsp;<\/p>\n<p>&nbsp;<\/p>\n<p>&nbsp;<\/p>\n<ul>\n<li><strong>Jean Jacques Lazare<\/strong><img loading=\"lazy\" class=\" wp-image-3560 alignleft\" src=\"http:\/\/www.liferelict.ect.uevora.pt\/wp-content\/uploads\/2019\/10\/jean-jacques.jpg\" alt=\"\" width=\"139\" height=\"139\" srcset=\"http:\/\/www.liferelict.ect.uevora.pt\/wp-content\/uploads\/2019\/10\/jean-jacques.jpg 227w, http:\/\/www.liferelict.ect.uevora.pt\/wp-content\/uploads\/2019\/10\/jean-jacques-150x150.jpg 150w\" sizes=\"(max-width: 139px) 100vw, 139px\" \/>Professor Doutorado e especialista na \u00e1rea da geobot\u00e2nica.<\/li>\n<\/ul>\n<p>Pertence ao CECRV (Centre d`\u00c9tude\u00a0et de Conservation des Resources V\u00e9g\u00e9tales) onde desenvolve trabalhos de investiga\u00e7\u00e3o\u00a0cient\u00edfica.<\/p>\n<p>Conta com numerosas publica\u00e7\u00f5es em revistas cient\u00edficas e v\u00e1rias participa\u00e7\u00f5es em\u00a0semin\u00e1rios internacionais de biodiversidade e conserva\u00e7\u00e3o.<\/p>\n<p>\u00c9 tamb\u00e9m coordenador de\u00a0publica\u00e7\u00f5es cient\u00edficas.<\/p>\n<p>&nbsp;<\/p>\n<p>&nbsp;<\/p>\n<p>&nbsp;<\/p>","protected":false},"excerpt":{"rendered":"<p>A comiss\u00e3o cient\u00edfica do projeto Life-Relict integra\u00a0v\u00e1rios nomes nacionais e internacionais, especialistas em bot\u00e2nica, geobot\u00e2nica e altera\u00e7\u00f5es clim\u00e1ticas, bem como representantes de entidades p\u00fablicas de gest\u00e3o territorial que s\u00e3o benefici\u00e1rios associados ao projeto, nomeadamente: Carlos Pinto Gomes (Coordenador geral do projeto Life-Relict); Ana Isabel Cardoso (Representante da ADRUSE &#8211; benefici\u00e1rio associado do projeto\u00a0Life-Relict); Nuno Fidalgo &hellip; <\/p>\n<p><a class=\"more-link btn\" href=\"http:\/\/www.liferelict.ect.uevora.pt\/index.php\/comissao-cientifica\/\">Continue a ler<\/a><\/p>\n","protected":false},"author":5,"featured_media":0,"parent":0,"menu_order":0,"comment_status":"closed","ping_status":"closed","template":"","meta":[],"_links":{"self":[{"href":"http:\/\/www.liferelict.ect.uevora.pt\/index.php\/wp-json\/wp\/v2\/pages\/3029"}],"collection":[{"href":"http:\/\/www.liferelict.ect.uevora.pt\/index.php\/wp-json\/wp\/v2\/pages"}],"about":[{"href":"http:\/\/www.liferelict.ect.uevora.pt\/index.php\/wp-json\/wp\/v2\/types\/page"}],"author":[{"embeddable":true,"href":"http:\/\/www.liferelict.ect.uevora.pt\/index.php\/wp-json\/wp\/v2\/users\/5"}],"replies":[{"embeddable":true,"href":"http:\/\/www.liferelict.ect.uevora.pt\/index.php\/wp-json\/wp\/v2\/comments?post=3029"}],"version-history":[{"count":13,"href":"http:\/\/www.liferelict.ect.uevora.pt\/index.php\/wp-json\/wp\/v2\/pages\/3029\/revisions"}],"predecessor-version":[{"id":16522,"href":"http:\/\/www.liferelict.ect.uevora.pt\/index.php\/wp-json\/wp\/v2\/pages\/3029\/revisions\/16522"}],"wp:attachment":[{"href":"http:\/\/www.liferelict.ect.uevora.pt\/index.php\/wp-json\/wp\/v2\/media?parent=3029"}],"curies":[{"name":"wp","href":"https:\/\/api.w.org\/{rel}","templated":true}]}}