{"id":3969,"date":"2019-11-05T16:05:30","date_gmt":"2019-11-05T16:05:30","guid":{"rendered":"http:\/\/www.liferelict.ect.uevora.pt\/?page_id=3969"},"modified":"2023-11-08T00:55:33","modified_gmt":"2023-11-08T00:55:33","slug":"imprensa","status":"publish","type":"page","link":"http:\/\/www.liferelict.ect.uevora.pt\/index.php\/imprensa\/","title":{"rendered":"Imprensa"},"content":{"rendered":"<p>Jornal do Algarve &#8211; <a href=\"https:\/\/jornaldoalgarve.pt\/adelfeira-a-planta-cujo-habitat-esta-a-ser-regenerado-em-monchique\/\">Adelfeira, a planta cujo habitat est\u00e1 a ser regenerado na serra<\/a><\/p>\n<p>Correio da Manh\u00e3 &#8211; <a href=\"http:\/\/www.liferelict.ect.uevora.pt\/wp-content\/uploads\/2022\/05\/22_05_2022_Recorte-Jornal_Correio-da-Manha.pdf\">Monchique: Projeto para conservar planta rara na serra<\/a><\/p>\n<p>Algarve Primeiro &#8211; <a href=\"https:\/\/www.algarveprimeiro.com\/d\/adelfeira-a-planta-reliquia-cujo-habitat-esta-a-ser-regenerado-em-monchique-\/44816-85\">Adelfeira, a planta &#8216;rel\u00edquia&#8217; cujo habitat est\u00e1 a ser regenerado em Monchique<\/a><\/p>\n<p>O Postal, Jornal do Algarve &#8211; <a href=\"https:\/\/postal.pt\/sociedade\/adelfeira-a-planta-reliquia-cujo-habitat-esta-a-ser-regenerado-em-monchique\/\">Adelfeira, a planta \u2018rel\u00edquia\u2019 cujo habitat est\u00e1 a ser regenerado em Monchique<\/a><\/p>\n<p>AgroPortal &#8211; <a href=\"https:\/\/www.agroportal.pt\/adelfeira-a-planta-reliquia-cujo-habitat-esta-a-ser-regenerado-em-monchique\/\">Adelfeira, a planta \u2018rel\u00edquia\u2019 cujo habitat est\u00e1 a ser regenerado em Monchique<\/a><\/p>\n<p>Sapo 24 &#8211;\u00a0<a href=\"https:\/\/24.sapo.pt\/atualidade\/artigos\/a-beleza-toxica-da-adelfeira-a-planta-reliquia-cujo-habitat-esta-a-ser-regenerado-em-monchique\">A beleza t\u00f3xica da Adelfeira, a planta rel\u00edquia cujo habitat est\u00e1 a ser regenerado em Monchique<\/a><\/p>\n<p>R\u00e1dio Campan\u00e1rio &#8211;<a href=\"https:\/\/www.radiocampanario.com\/ultimas\/regional\/projeto-life-relict-da-universidade-de-evora-promove-conservacao-da-planta-reliquia-adelfeira\">\u00a0Projeto &#8216;Life-Relict&#8217; da Universidade de \u00c9vora promove conserva\u00e7\u00e3o da planta &#8216;rel\u00edquia&#8217; Adelfeira!<\/a><\/p>\n<p>Not\u00edcias de Coimbra &#8211;\u00a0<a href=\"https:\/\/www.noticiasdecoimbra.pt\/esta-planta-rara-e-considerada-uma-reliquia-e-toxica\/\">Esta planta rara \u00e9 considerada uma rel\u00edquia. \u00c9 t\u00f3xica!<\/a><\/p>\n<p>Pa\u00eds ao Minuto &#8211; <a href=\"https:\/\/www.noticiasaominuto.com\/pais\/2001346\/adelfeira-a-reliquia-cujo-habitat-esta-a-ser-regenerado-em-monchique\">Adelfeira, a &#8216;rel\u00edquia&#8217; cujo habitat est\u00e1 a ser regenerado em Monchique<\/a><\/p>\n<p>Barlavento &#8211; <a href=\"https:\/\/www.sulinformacao.pt\/2022\/05\/vamos-a-vila-convida-a-conhecer-patrimonio-de-monchique-e-das-suas-aldeias\/\">\u00abVamos \u00e0 Vila\u00bb convida a conhecer patrim\u00f3nio de Monchique e das suas \u201caldeias\u201d<\/a><\/p>\n<p>Barlavento &#8211; <a href=\"https:\/\/barlavento.sapo.pt\/destaque\/monchique-discorda-dos-efeitos-da-carta-de-perigosidade-no-territorio\">Monchique discorda dos efeitos da carta de perigosidade no territ\u00f3rio<\/a><\/p>\n<p>Jornal O interior &#8211; <a href=\"https:\/\/ointerior.pt\/regiao\/passeio-geobotanico-pelos-bosques-de-azereiros-em-seia\/\">Passeio geobot\u00e2nico pelos bosques de azereiros, em Seia<\/a><\/p>\n<p>Mais Beiras Informa\u00e7\u00e3o Sapo &#8211; <a href=\"https:\/\/maisbeiras.sapo.pt\/passeio-geobotanico-azereiros-em-flor-em-cabeca-e-casal-do-rei-no-concelho-de-seia\">Passeio geobot\u00e2nico \u201cAzereiros em flor\u201d em Cabe\u00e7a e Casal do Rei, no concelho de Seia\u00a0<\/a><\/p>\n<p>Di\u00e1rio do Sul &#8211; <a href=\"https:\/\/diariodosul.pt\/2022\/05\/12\/universidade-de-evora-comemora-os-30-anos-do-programa-life\/\">Universidade de \u00c9vora comemora os 30 anos do Programa LIFE<\/a><\/p>\n<p>R\u00e1dio Campan\u00e1rio &#8211; <a href=\"https:\/\/www.radiocampanario.com\/ultimas\/regional\/universidade-de-evora-comemora-os-30-anos-do-programa-life-202205121401\">Universidade de \u00c9vora comemora os 30 anos do Programa LIFE!<\/a><\/p>\n<p>Universidade de \u00c9vora &#8211; <a href=\"https:\/\/www.uevora.pt\/ue-media\/noticias?item=34652\">Universidade de \u00c9vora comemora os 30 anos do Programa LIFE<\/a><\/p>\n<p>R\u00e1dio Boa Nova &#8211; <a href=\"https:\/\/radioboanova.sapo.pt\/cise-promove-passeio-geobotanico-azereiros-em-flor\/\">CISE promove passeio geobot\u00e2nico \u201cAzereiros em flor\u201d<\/a><\/p>\n<p>Correio da Beira Serra &#8211; <a href=\"https:\/\/www.correiodabeiraserra.com\/cise-aposta-na-preservacao-e-valorizacao-dos-azereiros-no-concelho-de-seia\/\">CISE aposta na preserva\u00e7\u00e3o e valoriza\u00e7\u00e3o dos Azereiros no concelho de Seia<\/a><\/p>\n<p>Jornal o Interior &#8211; <a href=\"https:\/\/ointerior.pt\/regiao\/acao-de-voluntariado-para-limpeza-de-terrenos-na-aldeia-de-cabeca-seia\/\">A\u00e7\u00e3o de voluntariado para limpeza de terrenos na aldeia de Cabe\u00e7a (Seia)<\/a><\/p>\n<p>Mais Algarve &#8211;<a href=\"https:\/\/maisalgarve.pt\/noticias\/regionais\/31433-monchique-concurso-adelfeira-uma-planta-resiliente\"> Monchique | Concurso \u201cAdelfeira &#8211; Uma Planta Resiliente\u201d<\/a><\/p>\n<p>Barlavento Sapo &#8211;<a href=\"https:\/\/barlavento.sapo.pt\/ambiente\/monchique-promove-adelfeira-uma-planta-resiliente-em-concurso\"> Monchique promove \u00abAdelfeira \u2013 Uma Planta Resiliente\u00bb em concurso<\/a><\/p>\n<p>Jornal Vila Verdense &#8211; <a href=\"https:\/\/ovilaverdense.pt\/conferencia-a-ciencia-no-restauro-das-reliquias-da-laurissilva-continental-a-29-de-abril\/\">Confer\u00eancia: A ci\u00eancia no restauro das rel\u00edquias da Laurissilva Continental<\/a><\/p>\n<p>ICNF (29 de abril 2022)- <a href=\"https:\/\/www.icnf.pt\/atualidade\/eventosemabril\">A ci\u00eancia no restauro das rel\u00edquias da Laurissilva Continental<\/a><\/p>\n<p class=\"entry-title\">Jornal de Monchique &#8211; <a href=\"https:\/\/www.jornaldemonchique.pt\/sessao-com-debate-inicia-celebracoes-dedicadas-as-arvores-e-florestas\/\">Sess\u00e3o com debate inicia celebra\u00e7\u00f5es dedicadas \u00e0s \u00e1rvores e florestas<\/a><\/p>\n<p>R\u00e1dio Nova Antena &#8211;\u00a0<a href=\"https:\/\/radionovaantena.com\/2021\/09\/20\/materiais-de-divulgacao-do-projeto-life-relict-no-ambiente-em-fm\/\">Materiais de divulga\u00e7\u00e3o do projeto Life-Relict, no \u201cAmbiente em Fm\u201d<\/a><\/p>\n<p>R\u00e1dio Elvas &#8211;\u00a0<a href=\"https:\/\/radioelvas.com\/2021\/09\/20\/materiais-de-divulgacao-do-projeto-life-relict-no-ambiente-em-fm\/\">Divulga\u00e7\u00e3o do projeto Life-Relict no \u201cAmbiente em FM\u201d<\/a><\/p>\n<p>R\u00e1dio Campo Maior &#8211;\u00a0<a href=\"https:\/\/radiocampomaior.com\/2021\/09\/20\/materiais-de-divulgacao-do-projeto-life-relict-no-ambiente-em-fm\/\">Materiais de divulga\u00e7\u00e3o do projeto Life-Relict, no \u201cAmbiente em Fm\u201d<\/a><\/p>\n<p>R\u00e1dio Ferreira do Z\u00eazere &#8211;<a href=\"https:\/\/ferreirazezereradio.pt\/macao-concelho-participa-no-life-relict-preservacao-da-laurissilva\/?fbclid=IwAR1ec8peGxy6BTcxwrLwPCuajMTZYxP2TB5TSd0GsDj_9QpOmC8AWj_yf6o\"> MA\u00c7\u00c3O \u2013 Concelho participa no Life-Relict \u2013 preserva\u00e7\u00e3o da Laurissilva<\/a><\/p>\n<p>R\u00e1dio Hertz &#8211;\u00a0<a href=\"https:\/\/radiohertz.pt\/oleiros-municipio-recolhe-sementes-de-azereiro\/\">OLEIROS \u2013 Munic\u00edpio recolhe sementes de Azereiro<\/a><\/p>\n<p>Di\u00e1rio Digital Castelo Branco &#8211; <a href=\"https:\/\/www.diariodigitalcastelobranco.pt\/noticia\/55046\/municipio-de-oleiros-recolhe-sementes-de-azereiro\">Munic\u00edpio de Oleiros recolhe sementes de Azereiro<\/a><\/p>\n<p>Sic Not\u00edcias &#8211; <a href=\"https:\/\/sicnoticias.pt\/pais\/2020-06-14-Passadicos-do-Orvalho.-Autarquia-recupera-estruturas-destruidas-pelos-incendios-de-2017\">Passadi\u00e7os do Orvalho. Autarquia recupera estruturas destru\u00eddas pelos inc\u00eandios de 2017<\/a><\/p>\n<p>R\u00e1dio Condest\u00e1vel &#8211; <a href=\"https:\/\/www.radiocondestavel.pt\/radio\/index.php\/noticias\/32658-oleiros-municipio-recebeu-27-mil-plantas-e-promove-biodiversidade-no-concelho\">OLEIROS \u2013 Munic\u00edpio recebeu 27 mil plantas e promove biodiversidade no concelho<\/a><\/p>\n<p>SIC Not\u00edcias &#8211; <a href=\"https:\/\/sicnoticias.pt\/pais\/2020-06-14-Passadicos-do-Orvalho.-Autarquia-recupera-estruturas-destruidas-pelos-incendios-de-2017\">Passadi\u00e7os do Orvalho. Autarquia recupera estruturas destru\u00eddas pelos inc\u00eandios de 2017<\/a><\/p>\n<p>La Vanguarda &#8211; <a href=\"https:\/\/www.lavanguardia.com\/local\/extremadura\/20200422\/48677254224\/cicytex-y-la-universidad-de-evora-publican-un-manual-para-la-multiplicacion-de-especies-vegetales-vulnerables.html\">Cicytex y la Universidad de \u00c9vora publican un manual para la multiplicaci\u00f3n de especies vegetales vulnerables<\/a><\/p>\n<p>Di\u00e1rio online: Regi\u00e3o Sul &#8211; <a href=\"https:\/\/regiao-sul.pt\/2020\/04\/24\/ambiente\/manual-sobre-quercus-vulneraveis-desenvolvido-com-participacao-da-universidade-de-evora\/494467\">Manual sobre quercus vulner\u00e1veis desenvolvido com participa\u00e7\u00e3o da Universidade de \u00c9vora<\/a><\/p>\n<p>Revista Agricultura e Mar &#8211; <a href=\"https:\/\/agriculturaemar.com\/manual-de-multiplicacao-de-especies-quercus-l-esta-disponivel-online\/\">Manual de Multiplica\u00e7\u00e3o de Esp\u00e9cies Quercus est\u00e1 dispon\u00edvel online<\/a><\/p>\n<p>El Diario.es &#8211; L<a href=\"https:\/\/www.eldiario.es\/eldiarioex\/medioambiente\/multiplicar-semillas-especies-Peninsula-desaparecidas_0_1019798488.html\">as claves para multiplicar las semillas de cinco especies de la Pen\u00ednsula casi desaparecidas<\/a><\/p>\n<p>Extremadura.com &#8211;\u00a0<a href=\"https:\/\/www.extremadura.com\/noticias\/2020\/02\/14\/cicytex-organiza-una-jornada-sobre-tecnicas-para-la-multiplicacion-de-especies-vulnerables\">CICYTEX organiza una jornada sobre t\u00e9cnicas para la multiplicaci\u00f3n de especies vulnerables<\/a><\/p>\n<p>CICYTEX &#8211;\u00a0<a href=\"http:\/\/cicytex.juntaex.es\/es\/noticias\/315\/jornada-de-formacion-en-la-finca-la-orden-sobre-tecnicas-para-la-multiplicacion-de-especies-vulnerables\">Jornada de formaci\u00f3n en la Finca La Orden sobre t\u00e9cnicas para la multiplicaci\u00f3n de especies vulnerables<\/a><\/p>\n<p>RegionDigital.es &#8211;\u00a0<a href=\"https:\/\/www.regiondigital.com\/noticias\/portada\/322976-jornada-de-cicytex-sobre-tecnicas-para-la-multiplicacion-de-especies-vulnerables.html\">Jornada de CICYTEX sobre t\u00e9cnicas para la multiplicaci\u00f3n de especies vulnerables<\/a><\/p>\n<p>CICYTEX (evento) &#8211;\u00a0<a href=\"http:\/\/cicytex.juntaex.es\/es\/eventos\/607\/jornada-tecnica-del-proyecto-life-relict-propagacion-de-especies-vulnerables-cicytex-finca-la-orden-guadajira-badajoz-14-de-febrero-de-2020\">Jornada t\u00e9cnica del proyecto LIFE-Relict: Propagaci\u00f3n de especies vulnerables<\/a><\/p>\n<p>DianaFM.com &#8211;<a href=\"https:\/\/www.dianafm.com\/ue-e-geota-unem-se-para-restaurar-habitats-na-serra-de-monchique\/\">\u00a0U\u00c9 e GEOTA unem-se para restaurar habitats na serra de Monchique<\/a><\/p>\n<p>Di\u00e1rio online: Regi\u00e3o Sul &#8211;\u00a0<a href=\"https:\/\/regiao-sul.pt\/2020\/01\/30\/ambiente\/universidade-de-evora-e-geota-unem-esforcos-para-restaurar-habitats-naturais-em-monchique\/486405\">Universidade de \u00c9vora e GEOTA unem esfor\u00e7os para restaurar habitats naturais em Monchique<\/a><\/p>\n<p>Sul informa\u00e7\u00e3o &#8211;\u00a0<a href=\"https:\/\/alentejo.sulinformacao.pt\/2020\/01\/universidade-de-evora-e-geota-juntam-se-e-os-habitats-da-serra-de-monchique-ficam-a-ganhar\/\">Universidade de \u00c9vora e GEOTA juntam-se e os habitats da serra de Monchique ficam a ganhar<\/a><\/p>\n<p>A voz do Algarve &#8211;\u00a0<a href=\"http:\/\/www.avozdoalgarve.pt\/d\/incndios-universidade-de-vora-e-geota-unem-se-para-restaurar-habitats-de-monchique\/41869\">Inc\u00eandios: Universidade de \u00c9vora e GEOTA \u00abunem-se\u00bb para restaurar habitats de Monchique<\/a><\/p>\n<p>Postal &#8211;<a href=\"https:\/\/postal.pt\/sociedade\/2020-01-29-Universidade-de-Evora-e-GEOTA-unem-se-para-restaurar-habitats-destruidos-pelo-incendio-de-Monchique\">\u00a0Universidade de \u00c9vora e GEOTA &#8220;unem-se&#8221; para restaurar habitats destru\u00eddos pelo inc\u00eandio de Monchique<\/a><\/p>\n<p>Di\u00e1rio Campan\u00e1rio &#8211;\u00a0<a href=\"https:\/\/radiocampanario.com\/ultimas\/regional\/universidade-de-evora-e-geota-vao-recuperar-monchique\">Universidade de \u00c9vora e GEOTA v\u00e3o recuperar Monchique<\/a><\/p>\n<p>Not\u00edcias ao minuto &#8211;\u00a0<a href=\"https:\/\/www.noticiasaominuto.com\/pais\/1403397\/uevora-e-geota-unem-se-para-restaurar-habitats-de-monchique\">U\u00c9vora e GEOTA &#8220;unem-se&#8221; para restaurar habitats de Monchique<\/a><\/p>\n<p>Barlavento &#8211;\u00a0\u00a0<a href=\"https:\/\/www.barlavento.pt\/ambiente\/universidade-de-evora-e-geota-unidos-para-restaurar-monchique\">Universidade de \u00c9vora e GEOTA unidos para restaurar Monchique<\/a><\/p>\n<p>Universidade de \u00c9vora &#8211; <a href=\"https:\/\/www.ueline.uevora.pt\/Canais\/academia\/(item)\/29054\">Jornal online da Universidade de \u00c9vora<\/a><\/p>\n<p>Comunicado de imprensa &#8211; <a href=\"http:\/\/www.liferelict.ect.uevora.pt\/wp-content\/uploads\/2020\/01\/Comunicado-de-imprensa_protocolo-GEOTA.pdf\">Universidade de \u00c9vora e GEOTA unem esfor\u00e7os para restaurar os Habitats naturais na serra de Monchique<\/a><\/p>\n<p>Quercus &#8211; <a href=\"https:\/\/quercusambiente.pt\/projeto-life-relict\/\">Os Azereirais do Life-Relict<\/a><\/p>\n<p>Universidade de \u00c9vora &#8211; <a href=\"https:\/\/www.investigar.uevora.pt\/investigacao\/projetos\/projetos_em_curso\/(id)\/3652\">Projetos em curso<\/a><\/p>\n<p>Jornal de Monchique &#8211;\u00a0<a href=\"http:\/\/www.jornaldemonchique.pt\/os-grandes-desafios-de-monchique-que-vao-criar-uma-nova-sequencia-ecologica-e-remunerar-os-proprietarios\/\">Os grandes desafios de Monchique que v\u00e3o criar uma nova sequ\u00eancia ecol\u00f3gica e remunerar os propriet\u00e1rios<\/a><\/p>\n<p>Di\u00e1rio digital de Castelo Branco &#8211;\u00a0<a href=\"https:\/\/www.diariodigitalcastelobranco.pt\/noticia\/49885\/orvalho-detem-importante-repositorio-da-laurissilva-continental\">Orvalho det\u00e9m importante reposit\u00f3rio da Laurissilva Continental<\/a><\/p>\n<p>Gazeta Rural &#8211; <a href=\"https:\/\/www.gazetarural.com\/2019\/05\/20\/oleiros-floresta-laurissilva-em-destaque-no-orvalho\/\">Floresta Laurissilva em destaque no Orvalho<\/a><\/p>\n<p>Di\u00e1rio digital de Castelo Branco &#8211; <a href=\"https:\/\/www.diariodigitalcastelobranco.pt\/noticia\/49837\/oleiros-santuario-lusitano-no-orvalho\">Oleiros: Santu\u00e1rio lusitano no Orvalho<\/a><\/p>\n<p>Agroportal &#8211;\u00a0<a href=\"https:\/\/www.agroportal.pt\/oleiros-floresta-laurissilva-em-destaque-no-orvalho\/\">Oleiros: Floresta Laurissilva em destaque no Orvalho<\/a><\/p>\n<p>Munic\u00edpio de Oleiros &#8211;\u00a0<a href=\"https:\/\/cm-oleiros.pt\/noticia\/4561\/orvalho-detem-importante-repositorio-da-laurissilva-continental\/\">Orvalho det\u00e9m importante reposit\u00f3rio da Laurissilva Continental<\/a><\/p>\n<p>Beira Baixa TV &#8211; Facebook &#8211;\u00a0<a href=\"https:\/\/www.facebook.com\/beirabaixatv\/posts\/2657305700966033\/\">Oleiros: Orvalho det\u00e9m importante reposit\u00f3rio da Laurissilva<\/a><\/p>\n<p>Sul informa\u00e7\u00e3o &#8211;\u00a0<a href=\"https:\/\/www.sulinformacao.pt\/2019\/03\/percurso-e-passadico-na-foia-vao-mostrar-que-monchique-tambem-tem-laurissilva\/\">Projeto LIFE Relict est\u00e1 a replantar adelfeiras na F\u00f3ia<\/a><\/p>\n<p>Pa\u00eds ao Minuto &#8211;\u00a0<a href=\"https:\/\/www.noticiasaominuto.com\/pais\/1166884\/centro-de-interpretacao-da-serra-da-estrela-promove-rota-dos-socalcos\">Centro de Interpreta\u00e7\u00e3o da Serra da Estrela promove Rota dos Socalcos<\/a><\/p>\n<p>SPECO &#8211;\u00a0<a href=\"http:\/\/www.speco.pt\/pt\/encontros\/realizados\/17-encontro-nacional-de-ecologia-seminario-life-relict\/apresentacao\">Ecologia ao Servi\u00e7o da Sociedade<\/a><\/p>\n<p>Universidade de \u00c9vora &#8211;\u00a0<a href=\"https:\/\/www.ect.uevora.pt\/informacoes\/agenda\/(item)\/25130\">Semin\u00e1rio LIFE-RELICT\/ 17\u00ba Encontro Nacional de Ecologia<\/a><\/p>\n<p>LIFE Portugal &#8211; <a href=\"http:\/\/www.liferelict.ect.uevora.pt\/wp-content\/uploads\/2019\/11\/LIFEPT_MAGAZINE2.pdf\" rel=\"attachment wp-att-3990\">Projetos tradicionais aprovados: LIFEPT_MAGAZINE2, p\u00e1g. 40<\/a><\/p>\n<p>Revista &#8220;Tudo sobre Jardins&#8221; &#8211; <a href=\"https:\/\/www.tudosobrejardins.com\/2018\/03\/revista-impressa-tudo-sobre-jardins-43-ja-disponivel-e-com-novidades\/\">A Mata\u00a0aut\u00f3ctone como inspira\u00e7\u00e3o na constru\u00e7\u00e3o de jardins<\/a><\/p>\n<p>R\u00e1dio Campan\u00e1rio &#8211;\u00a0<a href=\"https:\/\/www.radiocampanario.com\/ultimas\/regional\/universidade-de-evora-lidera-projetos-ambientais-de-4-5-milhoes-de-euros\">Universidade de \u00c9vora lidera projetos ambientais de 4,5 milh\u00f5es de euros<\/a><\/p>\n<p>Di\u00e1rio de Not\u00edcias &#8211;\u00a0<a href=\"https:\/\/www.dn.pt\/lusa\/interior\/universidade-de-evora-lidera-dois-projetos-life-num-valor-global-de-5me-8983002.html\">Universidade de \u00c9vora lidera dois projetos LIFE, num valor global de 5ME<\/a><\/p>\n<p>Universidade de \u00c9vora &#8211;\u00a0<a href=\"https:\/\/www.ect.uevora.pt\/informacoes\/noticias\/(item)\/23762\">Universidade de \u00c9vora lidera projetos LIFE<\/a><\/p>\n<p>Ec.europa.eu &#8211;\u00a0<a href=\"http:\/\/ec.europa.eu\/environment\/life\/project\/Projects\/index.cfm?fuseaction=search.dspPage&amp;n_proj_id=6336\">LIFE RELICT &#8211; Preserving Continental Laurissilva Relics LIFE16 NAT\/PT\/000754<\/a><\/p>\n<p>&nbsp;<\/p>","protected":false},"excerpt":{"rendered":"<p>Jornal do Algarve &#8211; Adelfeira, a planta cujo habitat est\u00e1 a ser regenerado na serra Correio da Manh\u00e3 &#8211; Monchique: Projeto para conservar planta rara na serra Algarve Primeiro &#8211; Adelfeira, a planta &#8216;rel\u00edquia&#8217; cujo habitat est\u00e1 a ser regenerado em Monchique O Postal, Jornal do Algarve &#8211; Adelfeira, a planta \u2018rel\u00edquia\u2019 cujo habitat est\u00e1 &hellip; <\/p>\n<p><a class=\"more-link btn\" href=\"http:\/\/www.liferelict.ect.uevora.pt\/index.php\/imprensa\/\">Continue a ler<\/a><\/p>\n","protected":false},"author":5,"featured_media":0,"parent":0,"menu_order":0,"comment_status":"closed","ping_status":"closed","template":"","meta":[],"_links":{"self":[{"href":"http:\/\/www.liferelict.ect.uevora.pt\/index.php\/wp-json\/wp\/v2\/pages\/3969"}],"collection":[{"href":"http:\/\/www.liferelict.ect.uevora.pt\/index.php\/wp-json\/wp\/v2\/pages"}],"about":[{"href":"http:\/\/www.liferelict.ect.uevora.pt\/index.php\/wp-json\/wp\/v2\/types\/page"}],"author":[{"embeddable":true,"href":"http:\/\/www.liferelict.ect.uevora.pt\/index.php\/wp-json\/wp\/v2\/users\/5"}],"replies":[{"embeddable":true,"href":"http:\/\/www.liferelict.ect.uevora.pt\/index.php\/wp-json\/wp\/v2\/comments?post=3969"}],"version-history":[{"count":66,"href":"http:\/\/www.liferelict.ect.uevora.pt\/index.php\/wp-json\/wp\/v2\/pages\/3969\/revisions"}],"predecessor-version":[{"id":16603,"href":"http:\/\/www.liferelict.ect.uevora.pt\/index.php\/wp-json\/wp\/v2\/pages\/3969\/revisions\/16603"}],"wp:attachment":[{"href":"http:\/\/www.liferelict.ect.uevora.pt\/index.php\/wp-json\/wp\/v2\/media?parent=3969"}],"curies":[{"name":"wp","href":"https:\/\/api.w.org\/{rel}","templated":true}]}}