{"id":6,"date":"2016-07-21T15:06:24","date_gmt":"2016-07-21T15:06:24","guid":{"rendered":"http:\/\/www.liferelict.ect.uevora.pt\/?page_id=6"},"modified":"2023-11-14T11:33:35","modified_gmt":"2023-11-14T11:33:35","slug":"inicio","status":"publish","type":"page","link":"http:\/\/www.liferelict.ect.uevora.pt\/","title":{"rendered":"Home"},"content":{"rendered":"<p><\/p>\n<p style=\"text-align: center;\"><div id=\"metaslider-id-657\" style=\"max-width: 1340px;\" class=\"ml-slider-3-50-0 metaslider metaslider-flex metaslider-657 ml-slider ms-theme-default\" role=\"region\" aria-roledescription=\"Slideshow\" aria-label=\"home\">\n    <div id=\"metaslider_container_657\">\n        <div id=\"metaslider_657\">\n            <ul aria-live=\"polite\" class=\"slides\">\n                <li style=\"display: block; width: 100%;\" class=\"slide-16297 ms-image\" aria-roledescription=\"slide\" aria-label=\"slide-16297\"><img src=\"http:\/\/www.liferelict.ect.uevora.pt\/wp-content\/uploads\/2023\/11\/adelf-1340x500.jpg\" height=\"500\" width=\"1340\" alt=\"\" class=\"slider-657 slide-16297\" title=\"adelf\" \/><\/li>\n                <li style=\"display: none; width: 100%;\" class=\"slide-16324 ms-image\" aria-roledescription=\"slide\" aria-label=\"slide-16324\"><img src=\"http:\/\/www.liferelict.ect.uevora.pt\/wp-content\/uploads\/2023\/11\/adelf1-1111x414.jpg\" height=\"500\" width=\"1340\" alt=\"\" class=\"slider-657 slide-16324\" title=\"adelf1\" \/><\/li>\n                <li style=\"display: none; width: 100%;\" class=\"slide-16327 ms-image\" aria-roledescription=\"slide\" aria-label=\"slide-16327\"><img src=\"http:\/\/www.liferelict.ect.uevora.pt\/wp-content\/uploads\/2023\/11\/adelf2-1111x414.jpg\" height=\"500\" width=\"1340\" alt=\"\" class=\"slider-657 slide-16327\" title=\"adelf2\" \/><\/li>\n                <li style=\"display: none; width: 100%;\" class=\"slide-16330 ms-image\" aria-roledescription=\"slide\" aria-label=\"slide-16330\"><img src=\"http:\/\/www.liferelict.ect.uevora.pt\/wp-content\/uploads\/2023\/11\/adelf3-607x226.jpg\" height=\"500\" width=\"1340\" alt=\"\" class=\"slider-657 slide-16330\" title=\"adelf3\" \/><\/li>\n                <li style=\"display: none; width: 100%;\" class=\"slide-16333 ms-image\" aria-roledescription=\"slide\" aria-label=\"slide-16333\"><img src=\"http:\/\/www.liferelict.ect.uevora.pt\/wp-content\/uploads\/2023\/11\/adelf4-1115x416.jpg\" height=\"500\" width=\"1340\" alt=\"\" class=\"slider-657 slide-16333\" title=\"adelf4\" \/><\/li>\n                <li style=\"display: none; width: 100%;\" class=\"slide-16336 ms-image\" aria-roledescription=\"slide\" aria-label=\"slide-16336\"><img src=\"http:\/\/www.liferelict.ect.uevora.pt\/wp-content\/uploads\/2023\/11\/adelf5-1112x414.jpg\" height=\"500\" width=\"1340\" alt=\"\" class=\"slider-657 slide-16336\" title=\"adelf5\" \/><\/li>\n                <li style=\"display: none; width: 100%;\" class=\"slide-16339 ms-image\" aria-roledescription=\"slide\" aria-label=\"slide-16339\"><img src=\"http:\/\/www.liferelict.ect.uevora.pt\/wp-content\/uploads\/2023\/11\/adelf6-1111x414.jpg\" height=\"500\" width=\"1340\" alt=\"\" class=\"slider-657 slide-16339\" title=\"adelf6\" \/><\/li>\n                <li style=\"display: none; width: 100%;\" class=\"slide-16342 ms-image\" aria-roledescription=\"slide\" aria-label=\"slide-16342\"><img src=\"http:\/\/www.liferelict.ect.uevora.pt\/wp-content\/uploads\/2023\/11\/adelf7-1112x414.jpg\" height=\"500\" width=\"1340\" alt=\"\" class=\"slider-657 slide-16342\" title=\"adelf7\" \/><\/li>\n                <li style=\"display: none; width: 100%;\" class=\"slide-16345 ms-image\" aria-roledescription=\"slide\" aria-label=\"slide-16345\"><img src=\"http:\/\/www.liferelict.ect.uevora.pt\/wp-content\/uploads\/2023\/11\/adelf8-1112x414.jpg\" height=\"500\" width=\"1340\" alt=\"\" class=\"slider-657 slide-16345\" title=\"adelf8\" \/><\/li>\n                <li style=\"display: none; width: 100%;\" class=\"slide-16375 ms-image\" aria-roledescription=\"slide\" aria-label=\"slide-16375\"><img src=\"http:\/\/www.liferelict.ect.uevora.pt\/wp-content\/uploads\/2023\/11\/Imagem16-349x130.jpg\" height=\"500\" width=\"1340\" alt=\"\" class=\"slider-657 slide-16375\" title=\"Imagem16\" \/><\/li>\n                <li style=\"display: none; width: 100%;\" class=\"slide-16291 ms-image\" aria-roledescription=\"slide\" aria-label=\"slide-16291\"><img src=\"http:\/\/www.liferelict.ect.uevora.pt\/wp-content\/uploads\/2023\/11\/Imagem2-1340x500.jpg\" height=\"500\" width=\"1340\" alt=\"\" class=\"slider-657 slide-16291\" title=\"Imagem2\" \/><\/li>\n                <li style=\"display: none; width: 100%;\" class=\"slide-16378 ms-image\" aria-roledescription=\"slide\" aria-label=\"slide-16378\"><img src=\"http:\/\/www.liferelict.ect.uevora.pt\/wp-content\/uploads\/2023\/11\/Imagem17-1340x500.jpg\" height=\"500\" width=\"1340\" alt=\"\" class=\"slider-657 slide-16378\" title=\"Imagem17\" \/><\/li>\n                <li style=\"display: none; width: 100%;\" class=\"slide-16381 ms-image\" aria-roledescription=\"slide\" aria-label=\"slide-16381\"><img src=\"http:\/\/www.liferelict.ect.uevora.pt\/wp-content\/uploads\/2023\/11\/jose-conde-1340x500.jpg\" height=\"500\" width=\"1340\" alt=\"\" class=\"slider-657 slide-16381\" title=\"jose conde\" \/><\/li>\n                <li style=\"display: none; width: 100%;\" class=\"slide-16384 ms-image\" aria-roledescription=\"slide\" aria-label=\"slide-16384\"><img src=\"http:\/\/www.liferelict.ect.uevora.pt\/wp-content\/uploads\/2023\/11\/margaraca-1292x482.jpg\" height=\"500\" width=\"1340\" alt=\"\" class=\"slider-657 slide-16384\" title=\"margara\u00e7a\" \/><\/li>\n                <li style=\"display: none; width: 100%;\" class=\"slide-16387 ms-image\" aria-roledescription=\"slide\" aria-label=\"slide-16387\"><img src=\"http:\/\/www.liferelict.ect.uevora.pt\/wp-content\/uploads\/2023\/11\/prunus-1292x482.jpg\" height=\"500\" width=\"1340\" alt=\"\" class=\"slider-657 slide-16387\" title=\"prunus\" \/><\/li>\n                <li style=\"display: none; width: 100%;\" class=\"slide-16390 ms-image\" aria-roledescription=\"slide\" aria-label=\"slide-16390\"><img src=\"http:\/\/www.liferelict.ect.uevora.pt\/wp-content\/uploads\/2023\/11\/prunus1-1292x482.jpg\" height=\"500\" width=\"1340\" alt=\"\" class=\"slider-657 slide-16390\" title=\"prunus1\" \/><\/li>\n                <li style=\"display: none; width: 100%;\" class=\"slide-16393 ms-image\" aria-roledescription=\"slide\" aria-label=\"slide-16393\"><img src=\"http:\/\/www.liferelict.ect.uevora.pt\/wp-content\/uploads\/2023\/11\/prunus2-1292x482.jpg\" height=\"500\" width=\"1340\" alt=\"\" class=\"slider-657 slide-16393\" title=\"prunus2\" \/><\/li>\n                <li style=\"display: none; width: 100%;\" class=\"slide-16396 ms-image\" aria-roledescription=\"slide\" aria-label=\"slide-16396\"><img src=\"http:\/\/www.liferelict.ect.uevora.pt\/wp-content\/uploads\/2023\/11\/prunus3-1292x482.jpg\" height=\"500\" width=\"1340\" alt=\"\" class=\"slider-657 slide-16396\" title=\"prunus3\" \/><\/li>\n                <li style=\"display: none; width: 100%;\" class=\"slide-16399 ms-image\" aria-roledescription=\"slide\" aria-label=\"slide-16399\"><img src=\"http:\/\/www.liferelict.ect.uevora.pt\/wp-content\/uploads\/2023\/11\/prunus5-1292x482.jpg\" height=\"500\" width=\"1340\" alt=\"\" class=\"slider-657 slide-16399\" title=\"prunus5\" \/><\/li>\n            <\/ul>\n        <\/div>\n        \n    <\/div>\n<\/div><\/p>\n<p>&nbsp;<\/p>\n<h1><img loading=\"lazy\" class=\"aligncenter wp-image-3098 size-full\" src=\"http:\/\/www.liferelict.ect.uevora.pt\/wp-content\/uploads\/2019\/09\/Imagem1.png\" alt=\"\" width=\"1716\" height=\"159\" srcset=\"http:\/\/www.liferelict.ect.uevora.pt\/wp-content\/uploads\/2019\/09\/Imagem1.png 1716w, http:\/\/www.liferelict.ect.uevora.pt\/wp-content\/uploads\/2019\/09\/Imagem1-300x28.png 300w, http:\/\/www.liferelict.ect.uevora.pt\/wp-content\/uploads\/2019\/09\/Imagem1-768x71.png 768w, http:\/\/www.liferelict.ect.uevora.pt\/wp-content\/uploads\/2019\/09\/Imagem1-1024x95.png 1024w\" sizes=\"(max-width: 1716px) 100vw, 1716px\" \/><\/h1>\n<p>O projeto <strong>Life-Relict<\/strong> nasceu da vontade de preservar um habitat raro na Europa, dominado por plantas testemunhas das florestas de laurissilva que ocuparam a Pen\u00ednsula Ib\u00e9rica em \u00e9pocas geol\u00f3gicas passadas, quando o clima era tropical. Nesta situa\u00e7\u00e3o est\u00e3o os raros <span style=\"color: #0000ff;\"><a style=\"color: #0000ff;\" href=\"http:\/\/www.liferelict.ect.uevora.pt\/index.php\/azereirais\/\">azereirais<\/a><\/span> e <span style=\"color: #0000ff;\"><a style=\"color: #0000ff;\" href=\"http:\/\/www.liferelict.ect.uevora.pt\/index.php\/adelfeiras\/\">adelfeiras<\/a><\/span>.<\/p>\n<p>Venha saber mais sobre eles e colabore connosco na sua prote\u00e7\u00e3o!<\/p>\n<h2><\/h2>\n<h2><span style=\"color: #000000;\"><strong>\u00daltimas Not\u00edcias:<\/strong><\/span><\/h2>\n<p><\/p>","protected":false},"excerpt":{"rendered":"<p>&nbsp; O projeto Life-Relict nasceu da vontade de preservar um habitat raro na Europa, dominado por plantas testemunhas das florestas de laurissilva que ocuparam a Pen\u00ednsula Ib\u00e9rica em \u00e9pocas geol\u00f3gicas passadas, quando o clima era tropical. Nesta situa\u00e7\u00e3o est\u00e3o os raros azereirais e adelfeiras. Venha saber mais sobre eles e colabore connosco na sua prote\u00e7\u00e3o! &hellip; <\/p>\n<p><a class=\"more-link btn\" href=\"http:\/\/www.liferelict.ect.uevora.pt\/\">Continue a ler<\/a><\/p>\n","protected":false},"author":5,"featured_media":0,"parent":0,"menu_order":0,"comment_status":"closed","ping_status":"closed","template":"","meta":[],"_links":{"self":[{"href":"http:\/\/www.liferelict.ect.uevora.pt\/index.php\/wp-json\/wp\/v2\/pages\/6"}],"collection":[{"href":"http:\/\/www.liferelict.ect.uevora.pt\/index.php\/wp-json\/wp\/v2\/pages"}],"about":[{"href":"http:\/\/www.liferelict.ect.uevora.pt\/index.php\/wp-json\/wp\/v2\/types\/page"}],"author":[{"embeddable":true,"href":"http:\/\/www.liferelict.ect.uevora.pt\/index.php\/wp-json\/wp\/v2\/users\/5"}],"replies":[{"embeddable":true,"href":"http:\/\/www.liferelict.ect.uevora.pt\/index.php\/wp-json\/wp\/v2\/comments?post=6"}],"version-history":[{"count":175,"href":"http:\/\/www.liferelict.ect.uevora.pt\/index.php\/wp-json\/wp\/v2\/pages\/6\/revisions"}],"predecessor-version":[{"id":17025,"href":"http:\/\/www.liferelict.ect.uevora.pt\/index.php\/wp-json\/wp\/v2\/pages\/6\/revisions\/17025"}],"wp:attachment":[{"href":"http:\/\/www.liferelict.ect.uevora.pt\/index.php\/wp-json\/wp\/v2\/media?parent=6"}],"curies":[{"name":"wp","href":"https:\/\/api.w.org\/{rel}","templated":true}]}}